{"id":33,"date":"2020-04-04T15:07:32","date_gmt":"2020-04-04T13:07:32","guid":{"rendered":"http:\/\/53693741.swh.strato-hosting.eu\/hochlicht\/wordpress\/?page_id=33"},"modified":"2020-06-05T16:42:56","modified_gmt":"2020-06-05T14:42:56","slug":"veranstaltungsservice","status":"publish","type":"page","link":"https:\/\/hochlicht.nrw\/?page_id=33","title":{"rendered":"Veranstaltungsservice"},"content":{"rendered":"\n<p>Wir bieten Ihnen jegliche Technik, die Sie f\u00fcr Ihre Veranstaltung brauchen, egal ob private Feier, Hochzeit, Firmenevent oder Messeauftritt. Egal ob Klein oder Gro\u00df, egal ob 10, 100 oder 1000 G\u00e4ste, wir finden die passende L\u00f6sung f\u00fcr Sie. Unser Ziel ist es Ihre Veranstaltung f\u00fcr Ihre G\u00e4ste einzigartig zu machen und dabei so zu arbeiten, dass f\u00fcr Sie kein Mehraufwand entsteht und auch Sie selber die Veranstaltung in vollen Z\u00fcgen genie\u00dfen k\u00f6nnen. <\/p>\n\n\n\n<p>Sie k\u00f6nnen bei uns, aber auch einfach nur die passende Technik f\u00fcr Ihre Veranstaltung mieten, wenn Sie zum Beispiel selber einen Techniker haben oder Sie nur eine kleine Ton- oder Lichtanlage ben\u00f6tigen, die Sie, nach einer kurzen Einf\u00fchrung und mit Hilfe von extra f\u00fcr diese F\u00e4lle angefertigten Anleitungen, selber aufbauen und bedienen k\u00f6nnen.  Durch diese M\u00f6glichkeit halten Sie vor allem, wenn Sie die Technik selber abholen, die Kosten gering. Durch unser Lager in Wiehl sind wir f\u00fcr Sie egal ob aus Gummersbach, Reichshof, Engelskirchen, Lindlar, Marienheide oder N\u00fcmbrecht einfach zu erreichen und k\u00f6nnen Ihnen so auch g\u00fcnstige Preise f\u00fcr die Lieferung anbieten. Unser Liefergebiet umfasst aktuell im Regelfall den Oberbergischen Kreis und K\u00f6lner Raum, aber auch weiter entfernte Veranstaltungen sind kein Problem f\u00fcr uns. Sprechen Sie uns einfach an. <\/p>\n   ","protected":false},"excerpt":{"rendered":"<p>Wir bieten Ihnen jegliche Technik, die Sie f\u00fcr Ihre Veranstaltung brauchen, egal ob private Feier, Hochzeit, Firmenevent oder Messeauftritt. Egal ob Klein oder Gro\u00df, egal ob 10, 100 oder 1000 G\u00e4ste, wir finden die passende L\u00f6sung f\u00fcr Sie. Unser Ziel ist es Ihre Veranstaltung f\u00fcr Ihre G\u00e4ste einzigartig zu machen und dabei so zu arbeiten, [&hellip;]<\/p>\n","protected":false},"author":1,"featured_media":0,"parent":0,"menu_order":0,"comment_status":"closed","ping_status":"closed","template":"","meta":{"ngg_post_thumbnail":0,"footnotes":""},"class_list":["post-33","page","type-page","status-publish","hentry"],"yoast_head":"<!-- This site is optimized with the Yoast SEO plugin v25.7 - https:\/\/yoast.com\/wordpress\/plugins\/seo\/ -->\n<title>Veranstaltungsservice - Hochlicht Veranstaltungsservice<\/title>\n<meta name=\"robots\" content=\"index, follow, max-snippet:-1, max-image-preview:large, max-video-preview:-1\" \/>\n<link rel=\"canonical\" href=\"https:\/\/hochlicht.nrw\/?page_id=33\" \/>\n<meta property=\"og:locale\" content=\"de_DE\" \/>\n<meta property=\"og:type\" content=\"article\" \/>\n<meta property=\"og:title\" content=\"Veranstaltungsservice - Hochlicht Veranstaltungsservice\" \/>\n<meta property=\"og:description\" content=\"Wir bieten Ihnen jegliche Technik, die Sie f\u00fcr Ihre Veranstaltung brauchen, egal ob private Feier, Hochzeit, Firmenevent oder Messeauftritt. Egal ob Klein oder Gro\u00df, egal ob 10, 100 oder 1000 G\u00e4ste, wir finden die passende L\u00f6sung f\u00fcr Sie. Unser Ziel ist es Ihre Veranstaltung f\u00fcr Ihre G\u00e4ste einzigartig zu machen und dabei so zu arbeiten, [&hellip;]\" \/>\n<meta property=\"og:url\" content=\"https:\/\/hochlicht.nrw\/?page_id=33\" \/>\n<meta property=\"og:site_name\" content=\"Hochlicht Veranstaltungsservice\" \/>\n<meta property=\"article:modified_time\" content=\"2020-06-05T14:42:56+00:00\" \/>\n<meta name=\"twitter:card\" content=\"summary_large_image\" \/>\n<meta name=\"twitter:label1\" content=\"Gesch\u00e4tzte Lesezeit\" \/>\n\t<meta name=\"twitter:data1\" content=\"1\u00a0Minute\" \/>\n<script type=\"application\/ld+json\" class=\"yoast-schema-graph\">{\"@context\":\"https:\/\/schema.org\",\"@graph\":[{\"@type\":\"WebPage\",\"@id\":\"https:\/\/hochlicht.nrw\/?page_id=33\",\"url\":\"https:\/\/hochlicht.nrw\/?page_id=33\",\"name\":\"Veranstaltungsservice - Hochlicht Veranstaltungsservice\",\"isPartOf\":{\"@id\":\"https:\/\/hochlicht.nrw\/#website\"},\"datePublished\":\"2020-04-04T13:07:32+00:00\",\"dateModified\":\"2020-06-05T14:42:56+00:00\",\"breadcrumb\":{\"@id\":\"https:\/\/hochlicht.nrw\/?page_id=33#breadcrumb\"},\"inLanguage\":\"de\",\"potentialAction\":[{\"@type\":\"ReadAction\",\"target\":[\"https:\/\/hochlicht.nrw\/?page_id=33\"]}]},{\"@type\":\"BreadcrumbList\",\"@id\":\"https:\/\/hochlicht.nrw\/?page_id=33#breadcrumb\",\"itemListElement\":[{\"@type\":\"ListItem\",\"position\":1,\"name\":\"Home\",\"item\":\"https:\/\/hochlicht.nrw\/\"},{\"@type\":\"ListItem\",\"position\":2,\"name\":\"Veranstaltungsservice\"}]},{\"@type\":\"WebSite\",\"@id\":\"https:\/\/hochlicht.nrw\/#website\",\"url\":\"https:\/\/hochlicht.nrw\/\",\"name\":\"Hochlicht Veranstaltungsservice\",\"description\":\"\",\"potentialAction\":[{\"@type\":\"SearchAction\",\"target\":{\"@type\":\"EntryPoint\",\"urlTemplate\":\"https:\/\/hochlicht.nrw\/?s={search_term_string}\"},\"query-input\":{\"@type\":\"PropertyValueSpecification\",\"valueRequired\":true,\"valueName\":\"search_term_string\"}}],\"inLanguage\":\"de\"}]}<\/script>\n<!-- \/ Yoast SEO plugin. -->","yoast_head_json":{"title":"Veranstaltungsservice - Hochlicht Veranstaltungsservice","robots":{"index":"index","follow":"follow","max-snippet":"max-snippet:-1","max-image-preview":"max-image-preview:large","max-video-preview":"max-video-preview:-1"},"canonical":"https:\/\/hochlicht.nrw\/?page_id=33","og_locale":"de_DE","og_type":"article","og_title":"Veranstaltungsservice - Hochlicht Veranstaltungsservice","og_description":"Wir bieten Ihnen jegliche Technik, die Sie f\u00fcr Ihre Veranstaltung brauchen, egal ob private Feier, Hochzeit, Firmenevent oder Messeauftritt. Egal ob Klein oder Gro\u00df, egal ob 10, 100 oder 1000 G\u00e4ste, wir finden die passende L\u00f6sung f\u00fcr Sie. Unser Ziel ist es Ihre Veranstaltung f\u00fcr Ihre G\u00e4ste einzigartig zu machen und dabei so zu arbeiten, [&hellip;]","og_url":"https:\/\/hochlicht.nrw\/?page_id=33","og_site_name":"Hochlicht Veranstaltungsservice","article_modified_time":"2020-06-05T14:42:56+00:00","twitter_card":"summary_large_image","twitter_misc":{"Gesch\u00e4tzte Lesezeit":"1\u00a0Minute"},"schema":{"@context":"https:\/\/schema.org","@graph":[{"@type":"WebPage","@id":"https:\/\/hochlicht.nrw\/?page_id=33","url":"https:\/\/hochlicht.nrw\/?page_id=33","name":"Veranstaltungsservice - Hochlicht Veranstaltungsservice","isPartOf":{"@id":"https:\/\/hochlicht.nrw\/#website"},"datePublished":"2020-04-04T13:07:32+00:00","dateModified":"2020-06-05T14:42:56+00:00","breadcrumb":{"@id":"https:\/\/hochlicht.nrw\/?page_id=33#breadcrumb"},"inLanguage":"de","potentialAction":[{"@type":"ReadAction","target":["https:\/\/hochlicht.nrw\/?page_id=33"]}]},{"@type":"BreadcrumbList","@id":"https:\/\/hochlicht.nrw\/?page_id=33#breadcrumb","itemListElement":[{"@type":"ListItem","position":1,"name":"Home","item":"https:\/\/hochlicht.nrw\/"},{"@type":"ListItem","position":2,"name":"Veranstaltungsservice"}]},{"@type":"WebSite","@id":"https:\/\/hochlicht.nrw\/#website","url":"https:\/\/hochlicht.nrw\/","name":"Hochlicht Veranstaltungsservice","description":"","potentialAction":[{"@type":"SearchAction","target":{"@type":"EntryPoint","urlTemplate":"https:\/\/hochlicht.nrw\/?s={search_term_string}"},"query-input":{"@type":"PropertyValueSpecification","valueRequired":true,"valueName":"search_term_string"}}],"inLanguage":"de"}]}},"_links":{"self":[{"href":"https:\/\/hochlicht.nrw\/index.php?rest_route=\/wp\/v2\/pages\/33","targetHints":{"allow":["GET"]}}],"collection":[{"href":"https:\/\/hochlicht.nrw\/index.php?rest_route=\/wp\/v2\/pages"}],"about":[{"href":"https:\/\/hochlicht.nrw\/index.php?rest_route=\/wp\/v2\/types\/page"}],"author":[{"embeddable":true,"href":"https:\/\/hochlicht.nrw\/index.php?rest_route=\/wp\/v2\/users\/1"}],"replies":[{"embeddable":true,"href":"https:\/\/hochlicht.nrw\/index.php?rest_route=%2Fwp%2Fv2%2Fcomments&post=33"}],"version-history":[{"count":5,"href":"https:\/\/hochlicht.nrw\/index.php?rest_route=\/wp\/v2\/pages\/33\/revisions"}],"predecessor-version":[{"id":153,"href":"https:\/\/hochlicht.nrw\/index.php?rest_route=\/wp\/v2\/pages\/33\/revisions\/153"}],"wp:attachment":[{"href":"https:\/\/hochlicht.nrw\/index.php?rest_route=%2Fwp%2Fv2%2Fmedia&parent=33"}],"curies":[{"name":"wp","href":"https:\/\/api.w.org\/{rel}","templated":true}]}}